{"id":16,"date":"2026-03-27T19:37:19","date_gmt":"2026-03-27T18:37:19","guid":{"rendered":"https:\/\/serwer2125134.home.pl\/autoinstalator\/wordpresswoocommerce\/?page_id=16"},"modified":"2026-05-15T21:03:26","modified_gmt":"2026-05-15T19:03:26","slug":"contact","status":"publish","type":"page","link":"https:\/\/martaorbitowska.pl\/?page_id=16","title":{"rendered":"Kontakt"},"content":{"rendered":"\n<link href=\"https:\/\/fonts.googleapis.com\/css2?family=Cormorant+Garamond:ital,wght@0,400;0,500;0,600;1,400;1,500&#038;family=DM+Sans:wght@400;500;600;700&#038;display=swap\" rel=\"stylesheet\">\n<style>\n:root {\n  --mo-teal-deep: #0B4F4A;\n  --mo-teal-mid: #1A7A72;\n  --mo-teal-soft: #E8F5F3;\n  --mo-navy: #1B2A4A;\n  --mo-warm-sand: #F5EDE3;\n  --mo-warm-gold: #C8A96E;\n  --mo-warm-gold-light: #E8D5A8;\n  --mo-warm-rose-light: #F0DEDE;\n  --mo-text-secondary: #5A6B7D;\n  --mo-text-muted: #8A95A5;\n  --mo-white: #FFFFFF;\n  --mo-serif: 'Cormorant Garamond', Georgia, serif;\n  --mo-sans: 'DM Sans', -apple-system, sans-serif;\n}\n.mo-section {\n  font-family: var(--mo-sans);\n  color: var(--mo-navy);\n  line-height: 1.6;\n  -webkit-font-smoothing: antialiased;\n  box-sizing: border-box;\n  position: relative;\n  width: 100vw;\n  left: 50%;\n  margin-left: -50vw;\n  margin-right: -50vw;\n}\n.mo-section *, .mo-section *::before, .mo-section *::after {\n  box-sizing: border-box;\n}\n.mo-container {\n  max-width: 1100px;\n  margin: 0 auto;\n  padding: 0 40px;\n}\n@media (max-width: 768px) {\n  .mo-container { padding: 0 20px; }\n}\n<\/style>\n<section class=\"mo-section\" style=\"\n  background: var(--mo-teal-deep);\n  padding: 80px 0 64px;\n\">\n  <div class=\"mo-container\" style=\"text-align: center;\">\n    <div style=\"\n      font-family: var(--mo-sans);\n      font-size: 11px;\n      font-weight: 600;\n      letter-spacing: 3px;\n      text-transform: uppercase;\n      color: var(--mo-warm-gold);\n      margin-bottom: 16px;\n    \">Kontakt<\/div>\n    <h1 style=\"\n      font-family: var(--mo-serif);\n      font-size: 56px;\n      font-weight: 400;\n      color: var(--mo-white);\n      line-height: 1.15;\n      margin-bottom: 20px;\n      max-width: 640px;\n      margin-left: auto;\n      margin-right: auto;\n    \">\n      Porozmawiajmy \u2014<br>\n      <em style=\"color: var(--mo-warm-gold-light); font-style: italic;\">bez zobowi\u0105za\u0144<\/em>\n    <\/h1>\n    <p style=\"\n      font-size: 17px;\n      color: rgba(255,255,255,0.72);\n      max-width: 500px;\n      margin: 0 auto;\n      line-height: 1.75;\n    \">\n      Napisz, z czym przychodzisz \u2014 wsp\u00f3lnie sprawdzimy, jaka forma wsparcia b\u0119dzie najlepsza\n      lub um\u00f3w bezp\u0142atn\u0105, 30-minutow\u0105 rozmow\u0119.\n    <\/p>\n  <\/div>\n<\/section>\n<section class=\"mo-section\" style=\"\n  background: var(--mo-warm-sand);\n  padding: 56px 0;\n\">\n  <div class=\"mo-container\">\n    <div style=\"\n      display: grid;\n      grid-template-columns: repeat(3, 1fr);\n      gap: 24px;\n    \" class=\"mo-contact-grid\">\n      <div style=\"\n        display: flex;\n        gap: 16px;\n        align-items: flex-start;\n      \">\n        <div style=\"\n          flex-shrink: 0;\n          width: 44px; height: 44px;\n          background: var(--mo-teal-soft);\n          border-radius: 12px;\n          display: flex; align-items: center; justify-content: center;\n        \">\n          <svg width=\"20\" height=\"20\" viewBox=\"0 0 24 24\" fill=\"none\" stroke=\"#0B4F4A\" stroke-width=\"1.5\" stroke-linecap=\"round\" stroke-linejoin=\"round\">\n            <path d=\"M22 16.92v3a2 2 0 0 1-2.18 2 19.79 19.79 0 0 1-8.63-3.07A19.5 19.5 0 0 1 4.69 12 19.79 19.79 0 0 1 1.61 3.5 2 2 0 0 1 3.58 1h3a2 2 0 0 1 2 1.72c.127.96.361 1.903.7 2.81a2 2 0 0 1-.45 2.11L7.91 8.6a16 16 0 0 0 6 6l.92-.92a2 2 0 0 1 2.11-.45c.907.339 1.85.573 2.81.7A2 2 0 0 1 22 16.92z\"\/>\n          <\/svg>\n        <\/div>\n        <div>\n          <div style=\"font-size: 12px; font-weight: 600; letter-spacing: 1px; text-transform: uppercase; color: var(--mo-text-muted); margin-bottom: 6px;\">Telefon<\/div>\n          <a href=\"tel:+48609124338\" style=\"\n            font-size: 16px;\n            font-weight: 600;\n            color: var(--mo-teal-deep);\n            text-decoration: none;\n          \">+48 609 124 338<\/a>\n        <\/div>\n      <\/div>\n      <div style=\"\n        display: flex;\n        gap: 16px;\n        align-items: flex-start;\n      \">\n        <div style=\"\n          flex-shrink: 0;\n          width: 44px; height: 44px;\n          background: var(--mo-warm-gold-light);\n          border-radius: 12px;\n          display: flex; align-items: center; justify-content: center;\n        \">\n          <svg width=\"20\" height=\"20\" viewBox=\"0 0 24 24\" fill=\"none\" stroke=\"#0B4F4A\" stroke-width=\"1.5\" stroke-linecap=\"round\" stroke-linejoin=\"round\">\n            <path d=\"M4 4h16c1.1 0 2 .9 2 2v12c0 1.1-.9 2-2 2H4c-1.1 0-2-.9-2-2V6c0-1.1.9-2 2-2z\"\/>\n            <polyline points=\"22,6 12,13 2,6\"\/>\n          <\/svg>\n        <\/div>\n        <div>\n          <div style=\"font-size: 12px; font-weight: 600; letter-spacing: 1px; text-transform: uppercase; color: var(--mo-text-muted); margin-bottom: 6px;\">Email<\/div>\n          <a href=\"mailto:kontakt@martaorbitowska.pl\" style=\"\n            font-size: 16px;\n            font-weight: 600;\n            color: var(--mo-teal-deep);\n            text-decoration: none;\n          \">kontakt@martaorbitowska.pl<\/a>\n        <\/div>\n      <\/div>\n      <div style=\"\n        display: flex;\n        gap: 16px;\n        align-items: flex-start;\n      \">\n        <div style=\"\n          flex-shrink: 0;\n          width: 44px; height: 44px;\n          background: var(--mo-warm-rose-light);\n          border-radius: 12px;\n          display: flex; align-items: center; justify-content: center;\n        \">\n          <svg width=\"20\" height=\"20\" viewBox=\"0 0 24 24\" fill=\"none\" stroke=\"#0B4F4A\" stroke-width=\"1.5\" stroke-linecap=\"round\" stroke-linejoin=\"round\">\n            <path d=\"M16 8a6 6 0 0 1 6 6v7h-4v-7a2 2 0 0 0-2-2 2 2 0 0 0-2 2v7h-4v-7a6 6 0 0 1 6-6z\"\/>\n            <rect x=\"2\" y=\"9\" width=\"4\" height=\"12\"\/>\n            <circle cx=\"4\" cy=\"4\" r=\"2\"\/>\n          <\/svg>\n        <\/div>\n        <div>\n          <div style=\"font-size: 12px; font-weight: 600; letter-spacing: 1px; text-transform: uppercase; color: var(--mo-text-muted); margin-bottom: 6px;\">LinkedIn<\/div>\n          <a href=\"https:\/\/www.linkedin.com\/in\/marta-orbitowska\/\" target=\"_blank\" style=\"\n            font-size: 16px;\n            font-weight: 600;\n            color: var(--mo-teal-deep);\n            text-decoration: none;\n          \">marta-orbitowska<\/a>\n        <\/div>\n      <\/div>\n<!-- Google Calendar Appointment Scheduling begin -->\n<link href=\"https:\/\/calendar.google.com\/calendar\/scheduling-button-script.css\" rel=\"stylesheet\">\n<script src=\"https:\/\/calendar.google.com\/calendar\/scheduling-button-script.js\" async><\/script>\n<script>\n(function() {\n  var target = document.currentScript;\n  window.addEventListener('load', function() {\n    calendar.schedulingButton.load({\n      url: 'https:\/\/calendar.google.com\/calendar\/appointments\/schedules\/AcZssZ2h1Xmntl-Zy9v4SxT2pwv3kJzAAkgwWsTMZe3sso8mplpHfnBinTGovrVPbgJjxklsT6jEqVnT?gv=true',\n      color: '#0b4f4a',\n      label: 'Zarezerwuj spotkanie',\n      target,\n    });\n  });\n})();\n<\/script>\n<!-- end Google Calendar Appointment Scheduling -->\n    <\/div>\n  <\/div>\n<\/section>\n\n\n\n<div id=\"wp-block-themeisle-blocks-form-629c309b\" class=\"wp-block-themeisle-blocks-form\" data-option-name=\"bf9b28ff82ce323187abc5d0feb0d8f07ecd8436_629c309b\"><form class=\"otter-form__container\">\n<div id=\"wp-block-themeisle-blocks-form-input-221f5108\" class=\"wp-block-themeisle-blocks-form-input\"><label for=\"wp-block-themeisle-blocks-form-input-221f5108-input\" class=\"otter-form-input-label\"><span class=\"otter-form-input-label__label\">Imi\u0119<\/span><span class=\"required\">*<\/span><\/label><input type=\"text\" id=\"wp-block-themeisle-blocks-form-input-221f5108-input\" required class=\"otter-form-input\"\/><\/div>\n\n\n\n<div id=\"wp-block-themeisle-blocks-form-input-bba3960b\" class=\"wp-block-themeisle-blocks-form-input\"><label for=\"wp-block-themeisle-blocks-form-input-bba3960b-input\" class=\"otter-form-input-label\"><span class=\"otter-form-input-label__label\">E-mail<\/span><span class=\"required\">*<\/span><\/label><input type=\"email\" id=\"wp-block-themeisle-blocks-form-input-bba3960b-input\" required class=\"otter-form-input\"\/><\/div>\n\n\n<div class=\"protection\" aria-hidden=\"true\"><input type=\"hidden\" id=\"wp-block-themeisle-blocks-form-629c309b_nonce_field\" name=\"wp-block-themeisle-blocks-form-629c309b_nonce_field\" value=\"5d2dee6295\" \/><input type=\"hidden\" name=\"_wp_http_referer\" value=\"\/index.php?rest_route=%2Fwp%2Fv2%2Fpages%2F16\" \/><input class=\"o-anti-bot\" type=\"checkbox\"><\/div>\n\n\n<div id=\"wp-block-themeisle-blocks-form-textarea-ef4a73ec\" class=\"wp-block-themeisle-blocks-form-textarea\"><label for=\"wp-block-themeisle-blocks-form-textarea-ef4a73ec-input\" class=\"otter-form-textarea-label\"><span class=\"otter-form-textarea-label__label\">Wiadomo\u015b\u0107<\/span><\/label><textarea id=\"wp-block-themeisle-blocks-form-textarea-ef4a73ec-input\" rows=\"10\" class=\"otter-form-textarea-input\"><\/textarea><\/div>\n\n\n\n<p class=\"has-extra-small-font-size\">Wysy\u0142aj\u0105c ten formularz, wyra\u017casz zgod\u0119 na otrzymywanie od nas korespondencji e-mailowej i rozumiesz, \u017ce Twoje dane kontaktowe b\u0119d\u0105 przez nas przechowywane.<\/p>\n<div class=\"wp-block-button\"><button class=\"wp-block-button__link\" type=\"submit\">Wy\u015blij<\/button><\/div><\/form><\/div>\n\n\n\n<link href=\"https:\/\/fonts.googleapis.com\/css2?family=Cormorant+Garamond:ital,wght@0,400;0,500;0,600;1,400;1,500&#038;family=DM+Sans:wght@400;500;600;700&#038;display=swap\" rel=\"stylesheet\">\n<style>\n:root {\n  --mo-teal-deep: #0B4F4A;\n  --mo-teal-mid: #1A7A72;\n  --mo-teal-soft: #E8F5F3;\n  --mo-navy: #1B2A4A;\n  --mo-warm-sand: #F5EDE3;\n  --mo-warm-gold: #C8A96E;\n  --mo-warm-gold-light: #E8D5A8;\n  --mo-text-secondary: #5A6B7D;\n  --mo-text-muted: #8A95A5;\n  --mo-white: #FFFFFF;\n  --mo-serif: 'Cormorant Garamond', Georgia, serif;\n  --mo-sans: 'DM Sans', -apple-system, sans-serif;\n}\n.mo-section {\n  font-family: var(--mo-sans);\n  color: var(--mo-navy);\n  line-height: 1.6;\n  -webkit-font-smoothing: antialiased;\n  box-sizing: border-box;\n  position: relative;\n  width: 100vw;\n  left: 50%;\n  margin-left: -50vw;\n  margin-right: -50vw;\n}\n.mo-section *, .mo-section *::before, .mo-section *::after {\n  box-sizing: border-box;\n}\n.mo-container {\n  max-width: 1100px;\n  margin: 0 auto;\n  padding: 0 40px;\n}\n@media (max-width: 768px) {\n  .mo-container { padding: 0 20px; }\n  .mo-faq-grid { grid-template-columns: 1fr !important; }\n}\n<\/style>\n\n<section class=\"mo-section\" style=\"\n  background: var(--mo-white);\n  padding: 56px 0 64px;\n\">\n  <div class=\"mo-container\">\n    <div style=\"\n      max-width: 720px;\n      margin: 0 auto;\n    \">\n      <div style=\"\n        font-family: var(--mo-sans);\n        font-size: 11px;\n        font-weight: 600;\n        letter-spacing: 3px;\n        text-transform: uppercase;\n        color: var(--mo-teal-mid);\n        margin-bottom: 24px;\n        text-align: center;\n      \">Co si\u0119 dzieje po wys\u0142aniu wiadomo\u015bci<\/div>\n      <div style=\"\n        display: grid;\n        grid-template-columns: repeat(3, 1fr);\n        gap: 16px;\n      \" class=\"mo-faq-grid\">\n        <div style=\"\n          background: var(--mo-warm-sand);\n          border-radius: 16px;\n          padding: 24px;\n          text-align: center;\n        \">\n          <div style=\"\n            font-family: var(--mo-serif);\n            font-size: 36px;\n            color: var(--mo-teal-deep);\n            line-height: 1;\n            margin-bottom: 10px;\n          \">1<\/div>\n          <p style=\"font-size: 14px; color: var(--mo-text-secondary); line-height: 1.65; margin: 0;\">\n            Odpisuj\u0119 w&nbsp;ci\u0105gu <strong style=\"color: var(--mo-navy);\">24\u201348 godzin<\/strong> w&nbsp;dni robocze\n          <\/p>\n        <\/div>\n        <div style=\"\n          background: var(--mo-warm-sand);\n          border-radius: 16px;\n          padding: 24px;\n          text-align: center;\n        \">\n          <div style=\"\n            font-family: var(--mo-serif);\n            font-size: 36px;\n            color: var(--mo-teal-deep);\n            line-height: 1;\n            margin-bottom: 10px;\n          \">2<\/div>\n          <p style=\"font-size: 14px; color: var(--mo-text-secondary); line-height: 1.65; margin: 0;\">\n            Przesy\u0142am wolne terminy i umawiamy <strong style=\"color: var(--mo-navy);\">bezp\u0142atn\u0105 rozmow\u0119 telefoniczn\u0105 lub na Zoom&#8217;ie<\/strong> (30 min)\n          <\/p>\n        <\/div>\n        <div style=\"\n          background: var(--mo-warm-sand);\n          border-radius: 16px;\n          padding: 24px;\n          text-align: center;\n        \">\n          <div style=\"\n            font-family: var(--mo-serif);\n            font-size: 36px;\n            color: var(--mo-teal-deep);\n            line-height: 1;\n            margin-bottom: 10px;\n          \">3<\/div>\n          <p style=\"font-size: 14px; color: var(--mo-text-secondary); line-height: 1.65; margin: 0;\">\n            Razem decydujemy <strong style=\"color: var(--mo-navy);\">co dalej<\/strong>\n          <\/p>\n        <\/div>\n      <\/div>\n    <\/div>\n  <\/div>\n<\/section>\n\n\n\n<p><\/p>\n","protected":false},"excerpt":{"rendered":"<p>Kontakt Porozmawiajmy \u2014 bez zobowi\u0105za\u0144 Napisz, z czym przychodzisz \u2014 wsp\u00f3lnie sprawdzimy, jaka forma wsparcia b\u0119dzie najlepsza lub um\u00f3w bezp\u0142atn\u0105, 30-minutow\u0105 rozmow\u0119. Telefon +48 609 124 338 Email kontakt@martaorbitowska.pl LinkedIn marta-orbitowska Co si\u0119 dzieje po wys\u0142aniu wiadomo\u015bci 1 Odpisuj\u0119 w&nbsp;ci\u0105gu 24\u201348 godzin w&nbsp;dni robocze 2 Przesy\u0142am wolne terminy i umawiamy bezp\u0142atn\u0105 rozmow\u0119 telefoniczn\u0105 lub na&hellip;&nbsp;<\/p>\n","protected":false},"author":1,"featured_media":0,"parent":0,"menu_order":0,"comment_status":"closed","ping_status":"closed","template":"","meta":{"neve_meta_sidebar":"default","neve_meta_container":"full-width","neve_meta_enable_content_width":"on","neve_meta_content_width":70,"neve_meta_title_alignment":"","neve_meta_author_avatar":"","neve_post_elements_order":"","neve_meta_disable_header":"","neve_meta_disable_footer":"","neve_meta_disable_title":"on","_themeisle_gutenberg_block_has_review":false,"footnotes":""},"class_list":["post-16","page","type-page","status-publish","hentry"],"_links":{"self":[{"href":"https:\/\/martaorbitowska.pl\/index.php?rest_route=\/wp\/v2\/pages\/16","targetHints":{"allow":["GET"]}}],"collection":[{"href":"https:\/\/martaorbitowska.pl\/index.php?rest_route=\/wp\/v2\/pages"}],"about":[{"href":"https:\/\/martaorbitowska.pl\/index.php?rest_route=\/wp\/v2\/types\/page"}],"author":[{"embeddable":true,"href":"https:\/\/martaorbitowska.pl\/index.php?rest_route=\/wp\/v2\/users\/1"}],"replies":[{"embeddable":true,"href":"https:\/\/martaorbitowska.pl\/index.php?rest_route=%2Fwp%2Fv2%2Fcomments&post=16"}],"version-history":[{"count":10,"href":"https:\/\/martaorbitowska.pl\/index.php?rest_route=\/wp\/v2\/pages\/16\/revisions"}],"predecessor-version":[{"id":387,"href":"https:\/\/martaorbitowska.pl\/index.php?rest_route=\/wp\/v2\/pages\/16\/revisions\/387"}],"wp:attachment":[{"href":"https:\/\/martaorbitowska.pl\/index.php?rest_route=%2Fwp%2Fv2%2Fmedia&parent=16"}],"curies":[{"name":"wp","href":"https:\/\/api.w.org\/{rel}","templated":true}]}}