{"id":237,"date":"2026-04-15T21:00:19","date_gmt":"2026-04-15T19:00:19","guid":{"rendered":"https:\/\/serwer2125134.home.pl\/autoinstalator\/wordpresswoocommerce\/?post_type=product&#038;p=237"},"modified":"2026-04-15T21:43:53","modified_gmt":"2026-04-15T19:43:53","slug":"mentoring-sesja","status":"publish","type":"product","link":"https:\/\/martaorbitowska.pl\/?product=mentoring-sesja","title":{"rendered":"Mentoring &#8211; sesja"},"content":{"rendered":"","protected":false},"excerpt":{"rendered":"<h2>Indywidualna sesja mentoringowa (60 min)<\/h2>\n<p>\u0141\u0105czy refleksj\u0119 coachingow\u0105 z moim do\u015bwiadczeniem pracy z liderami, zespo\u0142ami i organizacjami. Opr\u00f3cz przestrzeni do namys\u0142u otrzymujesz tak\u017ce perspektyw\u0119 i konkretne wskaz\u00f3wki.<\/p>\n<h4><strong>Dla kogo<\/strong><\/h4>\n<ul>\n<li>gdy potrzebujesz strategicznego spojrzenia<\/li>\n<li>gdy chcesz uporz\u0105dkowa\u0107 spos\u00f3b dzia\u0142ania jako lider<\/li>\n<li>gdy stoisz przed transformacj\u0105 zespo\u0142u lub organizacji<\/li>\n<li>gdy rozpoczynasz rol\u0119 lidersk\u0105 i chcesz unikn\u0105\u0107 typowych pu\u0142apek<\/li>\n<li>gdy zmieniasz prac\u0119 i potrzebujesz prze\u0107wiczy\u0107 kolejne kroki (CV, aplikacje, rozmowy rekrutacyjne, negocjacje)<\/li>\n<li>gdy stawiasz pierwsze kroki w \u015bwiecie zawodowym i chcesz \u015bwiadomie budowa\u0107 swoj\u0105 \u015bcie\u017ck\u0119<\/li>\n<li>gdy chcesz udoskonali\u0107 si\u0119 w swojej roli \u2014 niezale\u017cnie od stanowiska<\/li>\n<\/ul>\n<p><strong>Forma:<\/strong>\u00a0online (Zoom)<\/p>\n","protected":false},"featured_media":244,"template":"","meta":{"neve_meta_sidebar":"","neve_meta_container":"","neve_meta_enable_content_width":"off","neve_meta_content_width":100,"neve_meta_title_alignment":"","neve_meta_author_avatar":"","neve_post_elements_order":"","neve_meta_disable_header":"","neve_meta_disable_footer":"","neve_meta_disable_title":"","_themeisle_gutenberg_block_has_review":false},"product_brand":[],"product_cat":[19],"product_tag":[],"class_list":{"0":"post-237","1":"product","2":"type-product","3":"status-publish","4":"has-post-thumbnail","6":"product_cat-sesje","8":"first","9":"instock","10":"virtual","11":"taxable","12":"purchasable","13":"product-type-simple"},"_links":{"self":[{"href":"https:\/\/martaorbitowska.pl\/index.php?rest_route=\/wp\/v2\/product\/237","targetHints":{"allow":["GET"]}}],"collection":[{"href":"https:\/\/martaorbitowska.pl\/index.php?rest_route=\/wp\/v2\/product"}],"about":[{"href":"https:\/\/martaorbitowska.pl\/index.php?rest_route=\/wp\/v2\/types\/product"}],"wp:featuredmedia":[{"embeddable":true,"href":"https:\/\/martaorbitowska.pl\/index.php?rest_route=\/wp\/v2\/media\/244"}],"wp:attachment":[{"href":"https:\/\/martaorbitowska.pl\/index.php?rest_route=%2Fwp%2Fv2%2Fmedia&parent=237"}],"wp:term":[{"taxonomy":"product_brand","embeddable":true,"href":"https:\/\/martaorbitowska.pl\/index.php?rest_route=%2Fwp%2Fv2%2Fproduct_brand&post=237"},{"taxonomy":"product_cat","embeddable":true,"href":"https:\/\/martaorbitowska.pl\/index.php?rest_route=%2Fwp%2Fv2%2Fproduct_cat&post=237"},{"taxonomy":"product_tag","embeddable":true,"href":"https:\/\/martaorbitowska.pl\/index.php?rest_route=%2Fwp%2Fv2%2Fproduct_tag&post=237"}],"curies":[{"name":"wp","href":"https:\/\/api.w.org\/{rel}","templated":true}]}}