{"id":246,"date":"2026-04-15T21:45:28","date_gmt":"2026-04-15T19:45:28","guid":{"rendered":"https:\/\/serwer2125134.home.pl\/autoinstalator\/wordpresswoocommerce\/?post_type=product&#038;p=246"},"modified":"2026-05-04T22:16:13","modified_gmt":"2026-05-04T20:16:13","slug":"coaching-3-sesje","status":"publish","type":"product","link":"https:\/\/martaorbitowska.pl\/?product=coaching-3-sesje","title":{"rendered":"Coaching &#8211; 3 sesje"},"content":{"rendered":"","protected":false},"excerpt":{"rendered":"<h2>Pakiet 3 indywidualnych sesji coachingowych (po 60 min)<\/h2>\n<p>Dla os\u00f3b, kt\u00f3re chc\u0105 wej\u015b\u0107 w proces, a nie tylko jedno spotkanie.<\/p>\n<p>Pakiet 3 indywidualnych sesji coachingowych (po 60 min).<\/p>\n<p>Dla os\u00f3b, kt\u00f3re chc\u0105 wej\u015b\u0107 w proces, a nie tylko jedno spotkanie. Trzy sesje pozwalaj\u0105 pog\u0142\u0119bi\u0107 temat i zobaczy\u0107 realn\u0105 zmian\u0119 w dzia\u0142aniu.<\/p>\n<p><strong>Wa\u017cne informacje<\/strong><br \/>\nPakiet wa\u017cny 3 miesi\u0105ce od daty zakupu.<br \/>\nTerminy ustalane indywidualnie.<\/p>\n<p><strong>Forma:<\/strong>\u00a0online (Zoom)<\/p>\n","protected":false},"featured_media":349,"template":"","meta":{"neve_meta_sidebar":"","neve_meta_container":"","neve_meta_enable_content_width":"off","neve_meta_content_width":100,"neve_meta_title_alignment":"","neve_meta_author_avatar":"","neve_post_elements_order":"","neve_meta_disable_header":"","neve_meta_disable_footer":"","neve_meta_disable_title":"","_themeisle_gutenberg_block_has_review":false},"product_brand":[],"product_cat":[19],"product_tag":[],"class_list":{"0":"post-246","1":"product","2":"type-product","3":"status-publish","4":"has-post-thumbnail","6":"product_cat-sesje","8":"first","9":"instock","10":"virtual","11":"taxable","12":"purchasable","13":"product-type-simple"},"_links":{"self":[{"href":"https:\/\/martaorbitowska.pl\/index.php?rest_route=\/wp\/v2\/product\/246","targetHints":{"allow":["GET"]}}],"collection":[{"href":"https:\/\/martaorbitowska.pl\/index.php?rest_route=\/wp\/v2\/product"}],"about":[{"href":"https:\/\/martaorbitowska.pl\/index.php?rest_route=\/wp\/v2\/types\/product"}],"wp:featuredmedia":[{"embeddable":true,"href":"https:\/\/martaorbitowska.pl\/index.php?rest_route=\/wp\/v2\/media\/349"}],"wp:attachment":[{"href":"https:\/\/martaorbitowska.pl\/index.php?rest_route=%2Fwp%2Fv2%2Fmedia&parent=246"}],"wp:term":[{"taxonomy":"product_brand","embeddable":true,"href":"https:\/\/martaorbitowska.pl\/index.php?rest_route=%2Fwp%2Fv2%2Fproduct_brand&post=246"},{"taxonomy":"product_cat","embeddable":true,"href":"https:\/\/martaorbitowska.pl\/index.php?rest_route=%2Fwp%2Fv2%2Fproduct_cat&post=246"},{"taxonomy":"product_tag","embeddable":true,"href":"https:\/\/martaorbitowska.pl\/index.php?rest_route=%2Fwp%2Fv2%2Fproduct_tag&post=246"}],"curies":[{"name":"wp","href":"https:\/\/api.w.org\/{rel}","templated":true}]}}